{"id":29,"date":"2017-10-31T07:43:55","date_gmt":"2017-10-31T07:43:55","guid":{"rendered":"http:\/\/demo2.drfuri.com\/manufactory\/?page_id=29"},"modified":"2026-05-15T16:08:02","modified_gmt":"2026-05-15T14:08:02","slug":"home-2","status":"publish","type":"page","link":"https:\/\/aktivmedical.hr\/","title":{"rendered":"Home 2"},"content":{"rendered":"<div class=\"wpb-content-wrapper\"><p>[vc_row full_width=\u201dstretch_row_content_no_spaces\u201d][vc_column][rev_slider_vc alias=\u201dslider-2\u2033][\/vc_column][\/vc_row][vc_row][vc_column]<div class=\"mf-empty-space \" style=\"\"><div class=\"mf_empty_space_lg\"  style=\"height: 80px\"><\/div><div class=\"mf_empty_space_md\"  style=\"height: 50px\"><\/div><div class=\"mf_empty_space_xs\"  style=\"height: 50px\"><\/div><\/div><div class=\"mf-section-title text-left dark large-size \"><h2 >Proizvodi<\/h2><\/div><div class=\"mf-empty-space \" style=\"\"><div class=\"mf_empty_space_lg\"  style=\"height: 50px\"><\/div><div class=\"mf_empty_space_md\"  style=\"height: 30px\"><\/div><div class=\"mf_empty_space_xs\"  style=\"height: 30px\"><\/div><\/div>[\/vc_column][\/vc_row][vc_row][vc_column width=\u201d1\/4\u2033 offset=\u201dvc_col-lg-4 vc_col-md-4\u2033]<div class=\"mf-services-2 icon_type-flaticon style-1 \"><div class=\"service-thumbnail\"><a href=\"https:\/\/aktivmedical.hr\"><span class=\"service-icon\"><i class=\"fa fa-link\"><\/i><\/span><img decoding=\"async\" class=\"\" src=\"https:\/\/aktivmedical.hr\/wp-content\/uploads\/2024\/04\/homoth-370x200.jpg\" width=\"370\" height=\"200\" alt=\"homoth\" title=\"homoth\" loading=\"lazy\" \/><span class=\"mf-icon\"><i class=\"flaticon-sign\"><\/i><\/span><\/a><\/div><div class=\"service-summary\"><h4><a href=\"https:\/\/aktivmedical.hr\" title=\"Pogledajte proizvode\" target=\"_blank\">ORL POMAGALA<\/a><\/h4><div class=\"service-desc\"><\/p>\n<ul type=\"disc\">\n<li class=\"m_-3830924548928778489MsoListParagraph\">endotrahealne kanile<u><\/u><u><\/u><\/li>\n<li class=\"m_-3830924548928778489MsoListParagraph\">laringealne tube<u><\/u><u><\/u><\/li>\n<li class=\"m_-3830924548928778489MsoListParagraph\">govorni ventili<u><\/u><u><\/u><\/li>\n<li class=\"m_-3830924548928778489MsoListParagraph\">popratni program<u><\/u><u><\/u><\/li>\n<li class=\"m_-3830924548928778489MsoListParagraph\">elektrolarinks<\/li>\n<\/ul>\n<p>\u200e<\/div><a href=\"https:\/\/aktivmedical.hr\" title=\"Pogledajte proizvode\" target=\"_blank\" class=\"btn-service-2\">Pogledajte proizvode<i class=\"fa fa-chevron-right\"><\/i><\/a><\/div><\/div><div class=\"mf-empty-space \" style=\"\"><div class=\"mf_empty_space_lg\"  style=\"height: 70px\"><\/div><div class=\"mf_empty_space_md\"  style=\"height: 45px\"><\/div><div class=\"mf_empty_space_xs\"  style=\"height: 30px\"><\/div><\/div>[\/vc_column][vc_column width=\u201d1\/4\u2033 offset=\u201dvc_col-lg-4 vc_col-md-4\u2033]<div class=\"mf-services-2 icon_type-flaticon style-1 \"><div class=\"service-thumbnail\"><a href=\"https:\/\/aktivmedical.hr\"><span class=\"service-icon\"><i class=\"fa fa-link\"><\/i><\/span><img decoding=\"async\" class=\"\" src=\"https:\/\/aktivmedical.hr\/wp-content\/uploads\/2024\/04\/dimeda-370x200.jpg\" width=\"370\" height=\"200\" alt=\"dimeda\" title=\"dimeda\" loading=\"lazy\" \/><span class=\"mf-icon\"><i class=\"flaticon-sign\"><\/i><\/span><\/a><\/div><div class=\"service-summary\"><h4><a href=\"https:\/\/aktivmedical.hr\" title=\"Pogledajte proizvode\" target=\"_blank\">PROGRAM ZA DISANJE<\/a><\/h4><div class=\"service-desc\"><\/p>\n<ul type=\"disc\">\n<li class=\"m_-3830924548928778489MsoListParagraph\">CPAP<u><\/u><u><\/u><\/li>\n<li class=\"m_-3830924548928778489MsoListParagraph\">BPAP<u><\/u><u><\/u><\/li>\n<li class=\"m_-3830924548928778489MsoListParagraph\">maske<u><\/u><u><\/u><\/li>\n<li class=\"m_-3830924548928778489MsoListParagraph\">koncentrator kisika<u><\/u><u><\/u><\/li>\n<li class=\"m_-3830924548928778489MsoListParagraph\">potro\u0161ni pribor<u><\/u><u><\/u><\/li>\n<li class=\"m_-3830924548928778489MsoListParagraph\">IMT<\/li>\n<\/ul>\n<p><\/div><a href=\"https:\/\/aktivmedical.hr\" title=\"Pogledajte proizvode\" target=\"_blank\" class=\"btn-service-2\">Pogledajte proizvode<i class=\"fa fa-chevron-right\"><\/i><\/a><\/div><\/div><div class=\"mf-empty-space \" style=\"\"><div class=\"mf_empty_space_lg\"  style=\"height: 70px\"><\/div><div class=\"mf_empty_space_md\"  style=\"height: 45px\"><\/div><div class=\"mf_empty_space_xs\"  style=\"height: 30px\"><\/div><\/div>[\/vc_column][vc_column width=\u201d1\/4\u2033 offset=\u201dvc_col-lg-4 vc_col-md-4\u2033]<div class=\"mf-services-2 icon_type-flaticon style-1 \"><div class=\"service-thumbnail\"><a href=\"https:\/\/aktivmedical.hr\"><span class=\"service-icon\"><i class=\"fa fa-link\"><\/i><\/span><img decoding=\"async\" class=\"\" src=\"https:\/\/aktivmedical.hr\/wp-content\/uploads\/2024\/04\/algier-370x200.jpg\" width=\"370\" height=\"200\" alt=\"algier\" title=\"algier\" loading=\"lazy\" \/><span class=\"mf-icon\"><i class=\"flaticon-sign\"><\/i><\/span><\/a><\/div><div class=\"service-summary\"><h4><a href=\"https:\/\/aktivmedical.hr\" title=\"Pogledajte proizvode\" target=\"_blank\">BOLNI\u010cKI PROGRAM<\/a><\/h4><div class=\"service-desc\"><\/p>\n<ul type=\"disc\">\n<li class=\"m_-3830924548928778489MsoListParagraph\">PDT setovi<u><\/u><u><\/u><\/li>\n<li class=\"m_-3830924548928778489MsoListParagraph\">radne jedinice<u><\/u><u><\/u><\/li>\n<li class=\"m_-3830924548928778489MsoListParagraph\">WeVosys<u><\/u><u><\/u><\/li>\n<li class=\"m_-3830924548928778489MsoListParagraph\">kirur\u0161ki instrumenti<u><\/u><u><\/u><\/li>\n<li class=\"m_-3830924548928778489MsoListParagraph\">\u010deona lampa<u><\/u><u><\/u><\/li>\n<li class=\"m_-3830924548928778489MsoListParagraph\">EyePro<\/li>\n<\/ul>\n<p><\/div><a href=\"https:\/\/aktivmedical.hr\" title=\"Pogledajte proizvode\" target=\"_blank\" class=\"btn-service-2\">Pogledajte proizvode<i class=\"fa fa-chevron-right\"><\/i><\/a><\/div><\/div><div class=\"mf-empty-space \" style=\"\"><div class=\"mf_empty_space_lg\"  style=\"height: 70px\"><\/div><div class=\"mf_empty_space_md\"  style=\"height: 45px\"><\/div><div class=\"mf_empty_space_xs\"  style=\"height: 30px\"><\/div><\/div>[\/vc_column][vc_column width=\u201d1\/4\u2033]<div class=\"mf-services-2 icon_type-flaticon style-1 \"><div class=\"service-thumbnail\"><a href=\"https:\/\/aktivmedical.hr\"><span class=\"service-icon\"><i class=\"fa fa-link\"><\/i><\/span><img decoding=\"async\" class=\"\" src=\"https:\/\/aktivmedical.hr\/wp-content\/uploads\/2024\/04\/LW3_EN_standardized_hardware-370x200.jpg\" width=\"370\" height=\"200\" alt=\"LW3_EN_standardized_hardware\" title=\"LW3_EN_standardized_hardware\" loading=\"lazy\" \/><span class=\"mf-icon\"><i class=\"flaticon-sign\"><\/i><\/span><\/a><\/div><div class=\"service-summary\"><h4><a href=\"https:\/\/aktivmedical.hr\" title=\"Pogledajte proizvode\" target=\"_blank\">Pulsni oksimetar<\/a><\/h4><div class=\"service-desc\"><!--more--><\/div><a href=\"https:\/\/aktivmedical.hr\" title=\"Pogledajte proizvode\" target=\"_blank\" class=\"btn-service-2\">Pogledajte proizvode<i class=\"fa fa-chevron-right\"><\/i><\/a><\/div><\/div><div class=\"mf-empty-space \" style=\"\"><div class=\"mf_empty_space_lg\"  style=\"height: 70px\"><\/div><div class=\"mf_empty_space_md\"  style=\"height: 45px\"><\/div><div class=\"mf_empty_space_xs\"  style=\"height: 30px\"><\/div><\/div>[\/vc_column][\/vc_row][vc_row css=\u201d.vc_custom_1778854081450{background-image: url(https:\/\/aktivmedical.hr\/wp-content\/uploads\/2024\/03\/27310847_atom_a_background-1.jpg?id=3996) !important;}\u201d][vc_column]<div class=\"mf-empty-space \" style=\"\"><div class=\"mf_empty_space_lg\"  style=\"height: 80px\"><\/div><div class=\"mf_empty_space_md\"  style=\"height: 50px\"><\/div><div class=\"mf_empty_space_xs\"  style=\"height: 50px\"><\/div><\/div><div class=\"mf-section-title text-left dark large-size \"><h2 >O Aktivmedicalu<\/h2><\/div><div class=\"mf-empty-space \" style=\"\"><div class=\"mf_empty_space_lg\"  style=\"height: 50px\"><\/div><div class=\"mf_empty_space_md\"  style=\"height: 30px\"><\/div><div class=\"mf_empty_space_xs\"  style=\"height: 30px\"><\/div><\/div>[vc_row_inner][vc_column_inner css=\u201d.vc_custom_1510222988682{padding-bottom: 30px !important;}\u201d offset=\u201dvc_col-lg-4 vc_col-md-6\u2033][vc_single_image image=\u201d4135\u2033 img_size=\u201d370\u00d7273\u2033][\/vc_column_inner][vc_column_inner offset=\u201dvc_col-lg-8 vc_col-md-6\u2033][vc_custom_heading text=\u201dVode\u0107a smo tvrtka za zastupni\u0161tvo medicinskih proizvoda, posve\u0107ena pru\u017eanju najkvalitetnijih medicinskih rje\u0161enja diljem Hrvatske i okolnih zemalja.\u201d font_container=\u201dtag:h3|text_align:left\u201d use_theme_fonts=\u201dyes\u201d css=\u201d.vc_custom_1710334039816{margin-top: 0px !important;margin-bottom: 0px !important;}\u201d el_class=\u201dfw-medium\u201d]<div class=\"mf-empty-space \" style=\"\"><div class=\"mf_empty_space_lg\"  style=\"height: 30px\"><\/div><div class=\"mf_empty_space_md\"  style=\"height: 30px\"><\/div><div class=\"mf_empty_space_xs\"  style=\"height: 30px\"><\/div><\/div>[vc_column_text]Sa stra\u0161\u0107u za inovacijama i visokim standardima, sura\u0111ujemo s renomiranim svjetskim proizvo\u0111a\u010dima kako bismo osigurali vrhunsku opremu koja odgovara svim potrebama na\u0161ih klijenata. Na\u0161 portfelj proizvoda obuhva\u0107a \u0161iroku paletu medicinskih ure\u0111aja i opreme iz razli\u010ditih podru\u010dja medicine <b>s posebnim naglaskom na otorinu, pulmologiju i urologiju<\/b>.[\/vc_column_text]<div class=\"mf-empty-space \" style=\"\"><div class=\"mf_empty_space_lg\"  style=\"height: 33px\"><\/div><div class=\"mf_empty_space_md\"  style=\"height: 30px\"><\/div><div class=\"mf_empty_space_xs\"  style=\"height: 30px\"><\/div><\/div><div class=\"mf-button align-left style-1 \"><a class=\"button mf-btn\" href=\"https:\/\/aktivmedical.hr\/index.php\/kontakt\/\" target=\"_blank\">VI\u0160E O NAMA<\/a><\/div>[\/vc_column_inner][\/vc_row_inner]<div class=\"mf-empty-space \" style=\"\"><div class=\"mf_empty_space_lg\"  style=\"height: 80px\"><\/div><div class=\"mf_empty_space_md\"  style=\"height: 50px\"><\/div><div class=\"mf_empty_space_xs\"  style=\"height: 50px\"><\/div><\/div>[\/vc_column][\/vc_row][vc_row][vc_column]<div class=\"mf-latest-post blog-grid grid  has-thumbnail\">\n\t\t\t\t<div class=\"mf-latest-post-header\"><div class=\"mf-section-title text-left dark large-size \"><h2 >Aktivmedical novosti<\/h2><\/div><a href=\"https:\/\/aktivmedical.hr\/index.php\/blog\/\" class=\"mf-btn-2 view-more\">Pogledaj vi\u0161e<\/a><\/div>\n                <div class=\"post-list row\" id=\"post-slider-6a09ef6b37021\">\n<article id=\"post-3267\" class=\" blog-wrapper-col-3 col-md-4 post-3267 post type-post status-publish format-standard has-post-thumbnail hentry category-nekategorizirano\">\n\t<div class=\"blog-wrapper\">\n\t\t\t\t\t<div class=\"entry-thumbnail\">\n\t\t\t\t<a href=\"https:\/\/aktivmedical.hr\/index.php\/2023\/12\/22\/vas-pouzdan-partner-za-medicinske-inovacije\/\"><span class=\"mf-icon\"><i class=\"fa fa-link\"><\/i><\/span><img loading=\"lazy\" decoding=\"async\" width=\"1170\" height=\"638\" src=\"https:\/\/aktivmedical.hr\/wp-content\/uploads\/2024\/03\/positive-gesture-people-concept-smiling-young-woman-teenage-girl-showing-peace-hand-sign-with-both-hands-gray-background-1170x638.jpg\" class=\"attachment-induscity-blog-thumb size-induscity-blog-thumb wp-post-image\" alt=\"\" srcset=\"https:\/\/aktivmedical.hr\/wp-content\/uploads\/2024\/03\/positive-gesture-people-concept-smiling-young-woman-teenage-girl-showing-peace-hand-sign-with-both-hands-gray-background-1170x638.jpg 1170w, https:\/\/aktivmedical.hr\/wp-content\/uploads\/2024\/03\/positive-gesture-people-concept-smiling-young-woman-teenage-girl-showing-peace-hand-sign-with-both-hands-gray-background-300x165.jpg 300w\" sizes=\"auto, (max-width: 1170px) 100vw, 1170px\" \/><\/a>\n\t\t\t<\/div>\n\t\t\t\t<header class=\"entry-header\">\n\t\t\t<div class=\"entry-meta\">\n\t\t\t\t<span class=\"meta author vcard\"><span>By <\/span><a class=\"url fn n\" href=\"https:\/\/aktivmedical.hr\/index.php\/author\/admin\/\">admin<\/a><\/span><span class=\"meta date\"><time class=\"entry-date published updated\" datetime=\"2023-12-22T09:18:00+01:00\">22. prosinca 2023.<\/time><\/span>\t\t\t<\/div><!-- .entry-meta -->\n\t\t\t<h2 class=\"entry-title\"><a href=\"https:\/\/aktivmedical.hr\/index.php\/2023\/12\/22\/vas-pouzdan-partner-za-medicinske-inovacije\/\">Va\u0161 Pouzdan Partner za Medicinske Inovacije<\/a><\/h2>\n\t\t<\/header><!-- .entry-header -->\n\n\t\t<div class=\"entry-content clearfix\">\n\t\t\t<p>Uzbudljive vijesti dolaze iz Aktiv Medicala! Ponosno objavljujemo da smo postali ekskluzivni zastupnici za vode\u0107e brendove EMOS Technology i Allgaier\u2026<\/p>\t\t<\/div><!-- .entry-content -->\n\n\t\t<footer class=\"entry-footer clearfix\">\n\t\t\t<a href=\"https:\/\/aktivmedical.hr\/index.php\/2023\/12\/22\/vas-pouzdan-partner-za-medicinske-inovacije\/\" class=\"read-more\">Read More<i class=\"fa fa-chevron-right\"><\/i><\/a>\n\t\t\t\t\t<\/footer>\n\t<\/div>\n<\/article><!-- #post-## -->\n\n<article id=\"post-3265\" class=\" blog-wrapper-col-3 col-md-4 post-3265 post type-post status-publish format-standard has-post-thumbnail hentry category-nekategorizirano\">\n\t<div class=\"blog-wrapper\">\n\t\t\t\t\t<div class=\"entry-thumbnail\">\n\t\t\t\t<a href=\"https:\/\/aktivmedical.hr\/index.php\/2023\/09\/01\/otvorenje-aktiv-medical-trgovine-u-zagrebu\/\"><span class=\"mf-icon\"><i class=\"fa fa-link\"><\/i><\/span><img loading=\"lazy\" decoding=\"async\" width=\"1170\" height=\"638\" src=\"https:\/\/aktivmedical.hr\/wp-content\/uploads\/2024\/03\/large-spacious-operating-board-with-large-amount-light-with-modern-equipment-various-complex-operations-operating-table-lamps-ventilator-1170x638.jpg\" class=\"attachment-induscity-blog-thumb size-induscity-blog-thumb wp-post-image\" alt=\"\" \/><\/a>\n\t\t\t<\/div>\n\t\t\t\t<header class=\"entry-header\">\n\t\t\t<div class=\"entry-meta\">\n\t\t\t\t<span class=\"meta author vcard\"><span>By <\/span><a class=\"url fn n\" href=\"https:\/\/aktivmedical.hr\/index.php\/author\/admin\/\">admin<\/a><\/span><span class=\"meta date\"><time class=\"entry-date published updated\" datetime=\"2023-09-01T09:17:00+02:00\">1. rujna 2023.<\/time><\/span>\t\t\t<\/div><!-- .entry-meta -->\n\t\t\t<h2 class=\"entry-title\"><a href=\"https:\/\/aktivmedical.hr\/index.php\/2023\/09\/01\/otvorenje-aktiv-medical-trgovine-u-zagrebu\/\">Otvorenje Aktiv Medical Trgovine u Zagrebu<\/a><\/h2>\n\t\t<\/header><!-- .entry-header -->\n\n\t\t<div class=\"entry-content clearfix\">\n\t\t\t<p>Imamo iznimno uzbudljive vijesti za podijeliti s vama! Aktiv Medical ponosno najavljuje otvorenje svoje nove trgovine u srcu Zagreba, na\u2026<\/p>\t\t<\/div><!-- .entry-content -->\n\n\t\t<footer class=\"entry-footer clearfix\">\n\t\t\t<a href=\"https:\/\/aktivmedical.hr\/index.php\/2023\/09\/01\/otvorenje-aktiv-medical-trgovine-u-zagrebu\/\" class=\"read-more\">Read More<i class=\"fa fa-chevron-right\"><\/i><\/a>\n\t\t\t\t\t<\/footer>\n\t<\/div>\n<\/article><!-- #post-## -->\n\n<article id=\"post-3513\" class=\" blog-wrapper-col-3 col-md-4 post-3513 post type-post status-publish format-standard has-post-thumbnail hentry category-uncategorized\">\n\t<div class=\"blog-wrapper\">\n\t\t\t\t\t<div class=\"entry-thumbnail\">\n\t\t\t\t<a href=\"https:\/\/aktivmedical.hr\/index.php\/2023\/07\/31\/aktiv-medical-prosiruje-zastupnistvo-na-okolne-drzave\/\"><span class=\"mf-icon\"><i class=\"fa fa-link\"><\/i><\/span><img loading=\"lazy\" decoding=\"async\" width=\"1170\" height=\"638\" src=\"https:\/\/aktivmedical.hr\/wp-content\/uploads\/2024\/03\/sport-fitness-exercise-lifestyle-concept-woman-doing-sports-outdoors-1170x638.jpg\" class=\"attachment-induscity-blog-thumb size-induscity-blog-thumb wp-post-image\" alt=\"\" \/><\/a>\n\t\t\t<\/div>\n\t\t\t\t<header class=\"entry-header\">\n\t\t\t<div class=\"entry-meta\">\n\t\t\t\t<span class=\"meta author vcard\"><span>By <\/span><a class=\"url fn n\" href=\"https:\/\/aktivmedical.hr\/index.php\/author\/admin\/\">admin<\/a><\/span><span class=\"meta date\"><time class=\"entry-date published updated\" datetime=\"2023-07-31T06:37:00+02:00\">31. srpnja 2023.<\/time><\/span>\t\t\t<\/div><!-- .entry-meta -->\n\t\t\t<h2 class=\"entry-title\"><a href=\"https:\/\/aktivmedical.hr\/index.php\/2023\/07\/31\/aktiv-medical-prosiruje-zastupnistvo-na-okolne-drzave\/\">Aktiv Medical Pro\u0161iruje Zastupni\u0161tvo na Okolne Dr\u017eave<\/a><\/h2>\n\t\t<\/header><!-- .entry-header -->\n\n\t\t<div class=\"entry-content clearfix\">\n\t\t\t<p>Imamo iznimno uzbudljive vijesti za podijeliti s vama! Aktiv Medical s ponosom najavljuje pro\u0161irenje svog zastupni\u0161tva na okolne dr\u017eave, \u0161to\u2026<\/p>\t\t<\/div><!-- .entry-content -->\n\n\t\t<footer class=\"entry-footer clearfix\">\n\t\t\t<a href=\"https:\/\/aktivmedical.hr\/index.php\/2023\/07\/31\/aktiv-medical-prosiruje-zastupnistvo-na-okolne-drzave\/\" class=\"read-more\">Read More<i class=\"fa fa-chevron-right\"><\/i><\/a>\n\t\t\t\t\t<\/footer>\n\t<\/div>\n<\/article><!-- #post-## -->\n<\/div>\n            <\/div>[\/vc_column][\/vc_row][vc_row el_id=\u201dzastupnistva\u201d][vc_column]<div class=\"mf-section-title text-left dark large-size \"><h2 >Zastupni\u0161tva<\/h2><\/div><div class=\"mf-empty-space \" style=\"\"><div class=\"mf_empty_space_lg\"  style=\"height: 60px\"><\/div><div class=\"mf_empty_space_md\"  style=\"height: 40px\"><\/div><div class=\"mf_empty_space_xs\"  style=\"height: 40px\"><\/div><\/div><div class=\"mf-partner clearfix carousel-type \" data-columns=\"4\">\n\t\t\t\t<div class=\"list-item owl-carousel\"><div class=\"partner-item \">\n\t\t\t\t\t\t\t<a  target=\"_self\" ><img loading=\"lazy\" decoding=\"async\" width=\"500\" height=\"220\" src=\"https:\/\/aktivmedical.hr\/wp-content\/uploads\/2026\/05\/primed.png\" class=\"attachment-full size-full\" alt=\"\" srcset=\"https:\/\/aktivmedical.hr\/wp-content\/uploads\/2026\/05\/primed.png 500w, https:\/\/aktivmedical.hr\/wp-content\/uploads\/2026\/05\/primed-300x132.png 300w\" sizes=\"auto, (max-width: 500px) 100vw, 500px\" \/><\/a>\n\t\t\t\t\t\t<\/div><div class=\"partner-item \">\n\t\t\t\t\t\t\t<a  target=\"_self\" ><img loading=\"lazy\" decoding=\"async\" width=\"500\" height=\"220\" src=\"https:\/\/aktivmedical.hr\/wp-content\/uploads\/2026\/05\/anel.png\" class=\"attachment-full size-full\" alt=\"\" srcset=\"https:\/\/aktivmedical.hr\/wp-content\/uploads\/2026\/05\/anel.png 500w, https:\/\/aktivmedical.hr\/wp-content\/uploads\/2026\/05\/anel-300x132.png 300w\" sizes=\"auto, (max-width: 500px) 100vw, 500px\" \/><\/a>\n\t\t\t\t\t\t<\/div><div class=\"partner-item \">\n\t\t\t\t\t\t\t<a  target=\"_self\" ><img loading=\"lazy\" decoding=\"async\" width=\"500\" height=\"220\" src=\"https:\/\/aktivmedical.hr\/wp-content\/uploads\/2026\/05\/heinemann.png\" class=\"attachment-full size-full\" alt=\"\" srcset=\"https:\/\/aktivmedical.hr\/wp-content\/uploads\/2026\/05\/heinemann.png 500w, https:\/\/aktivmedical.hr\/wp-content\/uploads\/2026\/05\/heinemann-300x132.png 300w\" sizes=\"auto, (max-width: 500px) 100vw, 500px\" \/><\/a>\n\t\t\t\t\t\t<\/div><div class=\"partner-item \">\n\t\t\t\t\t\t\t<a  target=\"_self\" ><img loading=\"lazy\" decoding=\"async\" width=\"500\" height=\"220\" src=\"https:\/\/aktivmedical.hr\/wp-content\/uploads\/2026\/05\/labex.png\" class=\"attachment-full size-full\" alt=\"\" srcset=\"https:\/\/aktivmedical.hr\/wp-content\/uploads\/2026\/05\/labex.png 500w, https:\/\/aktivmedical.hr\/wp-content\/uploads\/2026\/05\/labex-300x132.png 300w\" sizes=\"auto, (max-width: 500px) 100vw, 500px\" \/><\/a>\n\t\t\t\t\t\t<\/div><div class=\"partner-item \">\n\t\t\t\t\t\t\t<a  target=\"_self\" ><img loading=\"lazy\" decoding=\"async\" width=\"500\" height=\"220\" src=\"https:\/\/aktivmedical.hr\/wp-content\/uploads\/2026\/05\/lepu_medical.png\" class=\"attachment-full size-full\" alt=\"\" srcset=\"https:\/\/aktivmedical.hr\/wp-content\/uploads\/2026\/05\/lepu_medical.png 500w, https:\/\/aktivmedical.hr\/wp-content\/uploads\/2026\/05\/lepu_medical-300x132.png 300w\" sizes=\"auto, (max-width: 500px) 100vw, 500px\" \/><\/a>\n\t\t\t\t\t\t<\/div><div class=\"partner-item \">\n\t\t\t\t\t\t\t<a  target=\"_self\" ><img loading=\"lazy\" decoding=\"async\" width=\"500\" height=\"220\" src=\"https:\/\/aktivmedical.hr\/wp-content\/uploads\/2026\/05\/reda_mdr.png\" class=\"attachment-full size-full\" alt=\"\" srcset=\"https:\/\/aktivmedical.hr\/wp-content\/uploads\/2026\/05\/reda_mdr.png 500w, https:\/\/aktivmedical.hr\/wp-content\/uploads\/2026\/05\/reda_mdr-300x132.png 300w\" sizes=\"auto, (max-width: 500px) 100vw, 500px\" \/><\/a>\n\t\t\t\t\t\t<\/div><div class=\"partner-item \">\n\t\t\t\t\t\t\t<a  target=\"_self\" ><img loading=\"lazy\" decoding=\"async\" width=\"500\" height=\"220\" src=\"https:\/\/aktivmedical.hr\/wp-content\/uploads\/2026\/05\/respircare.png\" class=\"attachment-full size-full\" alt=\"\" srcset=\"https:\/\/aktivmedical.hr\/wp-content\/uploads\/2026\/05\/respircare.png 500w, https:\/\/aktivmedical.hr\/wp-content\/uploads\/2026\/05\/respircare-300x132.png 300w\" sizes=\"auto, (max-width: 500px) 100vw, 500px\" \/><\/a>\n\t\t\t\t\t\t<\/div><div class=\"partner-item \">\n\t\t\t\t\t\t\t<a  target=\"_self\" ><img loading=\"lazy\" decoding=\"async\" width=\"500\" height=\"220\" src=\"https:\/\/aktivmedical.hr\/wp-content\/uploads\/2026\/05\/wevosys.png\" class=\"attachment-full size-full\" alt=\"\" srcset=\"https:\/\/aktivmedical.hr\/wp-content\/uploads\/2026\/05\/wevosys.png 500w, https:\/\/aktivmedical.hr\/wp-content\/uploads\/2026\/05\/wevosys-300x132.png 300w\" sizes=\"auto, (max-width: 500px) 100vw, 500px\" \/><\/a>\n\t\t\t\t\t\t<\/div><\/div>\n\t\t\t<\/div><div class=\"mf-empty-space \" style=\"\"><div class=\"mf_empty_space_lg\"  style=\"height: 80px\"><\/div><div class=\"mf_empty_space_md\"  style=\"height: 50px\"><\/div><div class=\"mf_empty_space_xs\"  style=\"height: 50px\"><\/div><\/div>[\/vc_column][\/vc_row]<\/p>\n<\/div>","protected":false},"excerpt":{"rendered":"<p>[vc_row full_width=\u201dstretch_row_content_no_spaces\u201d][vc_column][rev_slider_vc alias=\u201dslider-2\u2033][\/vc_column][\/vc_row][vc_row][vc_column][\/vc_column][\/vc_row][vc_row][vc_column width=\u201d1\/4\u2033 offset=\u201dvc_col-lg-4 vc_col-md-4\u2033][\/vc_column][vc_column width=\u201d1\/4\u2033 offset=\u201dvc_col-lg-4 vc_col-md-4\u2033][\/vc_column][vc_column width=\u201d1\/4\u2033 offset=\u201dvc_col-lg-4 vc_col-md-4\u2033][\/vc_column][vc_column width=\u201d1\/4\u2033]<\/p>\n","protected":false},"author":1,"featured_media":0,"parent":0,"menu_order":0,"comment_status":"closed","ping_status":"closed","template":"template-homepage.php","meta":{"footnotes":""},"class_list":["post-29","page","type-page","status-publish","hentry",""],"_links":{"self":[{"href":"https:\/\/aktivmedical.hr\/index.php\/wp-json\/wp\/v2\/pages\/29","targetHints":{"allow":["GET"]}}],"collection":[{"href":"https:\/\/aktivmedical.hr\/index.php\/wp-json\/wp\/v2\/pages"}],"about":[{"href":"https:\/\/aktivmedical.hr\/index.php\/wp-json\/wp\/v2\/types\/page"}],"author":[{"embeddable":true,"href":"https:\/\/aktivmedical.hr\/index.php\/wp-json\/wp\/v2\/users\/1"}],"replies":[{"embeddable":true,"href":"https:\/\/aktivmedical.hr\/index.php\/wp-json\/wp\/v2\/comments?post=29"}],"version-history":[{"count":42,"href":"https:\/\/aktivmedical.hr\/index.php\/wp-json\/wp\/v2\/pages\/29\/revisions"}],"predecessor-version":[{"id":4170,"href":"https:\/\/aktivmedical.hr\/index.php\/wp-json\/wp\/v2\/pages\/29\/revisions\/4170"}],"wp:attachment":[{"href":"https:\/\/aktivmedical.hr\/index.php\/wp-json\/wp\/v2\/media?parent=29"}],"curies":[{"name":"wp","href":"https:\/\/api.w.org\/{rel}","templated":true}]}}