{"id":32,"date":"2017-10-31T07:44:25","date_gmt":"2017-10-31T07:44:25","guid":{"rendered":"http:\/\/demo2.drfuri.com\/manufactory\/?page_id=32"},"modified":"2024-03-27T12:20:59","modified_gmt":"2024-03-27T11:20:59","slug":"o-nama","status":"publish","type":"page","link":"https:\/\/aktivmedical.hr\/index.php\/o-nama\/","title":{"rendered":"O nama"},"content":{"rendered":"<div class=\"wpb-content-wrapper\"><p>[vc_row][vc_column]<div class=\"mf-empty-space \" style=\"\"><div class=\"mf_empty_space_lg\"  style=\"height: 80px\"><\/div><div class=\"mf_empty_space_md\"  style=\"height: 50px\"><\/div><div class=\"mf_empty_space_xs\"  style=\"height: 50px\"><\/div><\/div>[\/vc_column][\/vc_row][vc_row][vc_column offset=\u201dvc_col-lg-4 vc_col-md-12\u2033][vc_single_image image=\u201d3973\u2033 img_size=\u201d370\u00d7360\u2033]<div class=\"mf-empty-space \" style=\"\"><div class=\"mf_empty_space_lg\"  style=\"height: 50px\"><\/div><div class=\"mf_empty_space_md\"  style=\"height: 30px\"><\/div><div class=\"mf_empty_space_xs\"  style=\"height: 30px\"><\/div><\/div>[\/vc_column][vc_column offset=\u201dvc_col-lg-4 vc_col-md-12\u2033][vc_custom_heading text=\u201dNa\u0161a misija je osigurati najvi\u0161u razinu skrbi i podr\u0161ke na\u0161im klijentima kako bi ostvarili svoje zdravstvene ciljeve.\u201d font_container=\u201dtag:h2|font_size:20|text_align:left\u201d use_theme_fonts=\u201dyes\u201d el_class=\u201dfw-medium\u201d css=\u201d.vc_custom_1711537019207{margin-top: 0px !important;margin-bottom: 0px !important;}\u201d]<div class=\"mf-empty-space \" style=\"\"><div class=\"mf_empty_space_lg\"  style=\"height: 20px\"><\/div><div class=\"mf_empty_space_md\"  style=\"height: 20px\"><\/div><div class=\"mf_empty_space_xs\"  style=\"height: 20px\"><\/div><\/div>[vc_column_text]<a target=\"_new\" rel=\"noopener\">Na\u0161 tim<\/a> je va\u0161 partner u ostvarivanju zdravstvenih ciljeva, pru\u017eaju\u0107i vam podr\u0161ku i razumijevanje koje zaslu\u017eujete. Bez obzira na va\u0161e potrebe, mo\u017eete ra\u010dunati na na\u0161 stru\u010dan tim da vam pru\u017ei najbolju mogu\u0107u skrb.[\/vc_column_text]<div class=\"mf-empty-space \" style=\"\"><div class=\"mf_empty_space_lg\"  style=\"height: 25px\"><\/div><div class=\"mf_empty_space_md\"  style=\"height: 25px\"><\/div><div class=\"mf_empty_space_xs\"  style=\"height: 25px\"><\/div><\/div>[vc_single_image image=\u201d4000\u2033 img_size=\u201d200\u00d7100\u2033]<div class=\"mf-empty-space \" style=\"\"><div class=\"mf_empty_space_lg\"  style=\"height: 15px\"><\/div><div class=\"mf_empty_space_md\"  style=\"height: 15px\"><\/div><div class=\"mf_empty_space_xs\"  style=\"height: 15px\"><\/div><\/div>[vc_column_text]<\/p>\n<div style=\"font-size: 20px; font-weight: 500; color: #393939;\">Josip Ivanovi\u0107, dipl.iur.<\/div>\n<div class=\"main-color\" style=\"font-weight: 400;\">Osniva\u010d i direktor<\/div>\n<p>[\/vc_column_text]<div class=\"mf-empty-space \" style=\"\"><div class=\"mf_empty_space_lg\"  style=\"height: 50px\"><\/div><div class=\"mf_empty_space_md\"  style=\"height: 30px\"><\/div><div class=\"mf_empty_space_xs\"  style=\"height: 30px\"><\/div><\/div>[\/vc_column][vc_column offset=\u201dvc_col-lg-4 vc_col-md-12\u2033][vc_tta_accordion style=\u201dflat\u201d shape=\u201dsquare\u201d color=\u201dwhite\u201d c_icon=\u201dchevron\u201d active_section=\u201d2\u2033][vc_tta_section title=\u201dNa\u0161a misija\u201d tab_id=\u201d1508747151686-14cd83fe-86c0\u2033][vc_column_text]Na\u0161a misija je pru\u017eiti vrhunsku zdravstvenu njegu i inovativne medicinske proizvode koji \u0107e pobolj\u0161ati kvalitetu \u017eivota na\u0161ih klijenata. Posve\u0107eni smo pru\u017eanju personalizirane skrbi, stru\u010dnih savjeta i podr\u0161ke kako bismo osigurali da svaki pojedinac ostvari svoje zdravstvene ciljeve.[\/vc_column_text][\/vc_tta_section][vc_tta_section title=\u201dNa\u0161a vizija\u201d tab_id=\u201d1508747188911-376a52e4-45e9\u2033][vc_column_text]Na\u0161a vizija je postati vode\u0107i pru\u017eatelj zdravstvenih i medicinskih proizvoda na podru\u010dju Hrvatske i isto\u010dne Europe, prepoznat po izvrsnosti, inovacijama i pozitivnom utjecaju na zajednicu. Te\u017eimo kontinuiranom unapre\u0111enju na\u0161ih usluga i proizvoda kako bismo postali nezaobilazan partner u brizi o zdravlju.[\/vc_column_text][\/vc_tta_section][vc_tta_section title=\u201dNa\u0161e strategije\u201d tab_id=\u201d1508747186558-5a68f830-d129\u2033][vc_column_text]<\/p>\n<ol>\n<li><strong>Kvalitetni proizvodi:<\/strong> Nastojat \u0107emo ponuditi najkvalitetnije medicinske proizvode koji odgovaraju potrebama na\u0161ih klijenata, osiguravaju\u0107i njihovu u\u010dinkovitost i sigurnost.<\/li>\n<li><strong>Personalizirana njega:<\/strong> Fokusirat \u0107emo se na pru\u017eanje personalizirane skrbi koja odgovara individualnim potrebama svakog klijenta, osiguravaju\u0107i da svaki korisnik dobije skrb koja mu najbolje odgovara.<\/li>\n<li><strong>Edukacija i podr\u0161ka:<\/strong> Osigurat \u0107emo stru\u010dne savjete, edukaciju i podr\u0161ku na\u0161im klijentima kako bi im omogu\u0107ili informirane odluke o njihovom zdravlju i dobrobiti.<\/li>\n<li><strong>Inovacije:<\/strong> Kontinuirano \u0107emo ulagati u istra\u017eivanje i razvoj kako bismo uvodili inovativne medicinske proizvode i tehnologije koje pobolj\u0161avaju kvalitetu \u017eivota na\u0161ih korisnika.<\/li>\n<li><strong>Partnerstva i suradnje:<\/strong> Gradit \u0107emo partnerske odnose s zdravstvenim ustanovama, stru\u010dnjacima i zajednicom kako bismo osigurali sveobuhvatnu podr\u0161ku na\u0161im pacijentima i promovirali zdravstveno osvije\u0161tenje.<\/li>\n<\/ol>\n<p>[\/vc_column_text][\/vc_tta_section][\/vc_tta_accordion]<div class=\"mf-empty-space \" style=\"\"><div class=\"mf_empty_space_lg\"  style=\"height: 50px\"><\/div><div class=\"mf_empty_space_md\"  style=\"height: 30px\"><\/div><div class=\"mf_empty_space_xs\"  style=\"height: 30px\"><\/div><\/div>[\/vc_column][\/vc_row][vc_row css=\u201d.vc_custom_1508747702557{background-color: #f2f2f2 !important;}\u201d][vc_column]<div class=\"mf-empty-space \" style=\"\"><div class=\"mf_empty_space_lg\"  style=\"height: 80px\"><\/div><div class=\"mf_empty_space_md\"  style=\"height: 50px\"><\/div><div class=\"mf_empty_space_xs\"  style=\"height: 50px\"><\/div><\/div><div class=\"mf-section-title text-left dark large-size \"><h2 >Razvoj Aktivmedicala<\/h2><\/div><div class=\"mf-history \">\n            <div class=\"history-list owl-carousel\" id=\"history-slider-6a09fd11680a4\"><div class=\"history-group\"><div class=\"history\"><div class=\"date\">Rujan 2022<\/div><div class=\"history-content\"><h3 class=\"title\">Osnivanje Kompanije<\/h3><div class=\"history-desc\"><p>U rujnu 2022. godine, Aktiv Medical je osnovan s ciljem pru\u017eanja vrhunske zdravstvene skrbi i medicinskih proizvoda svojim klijentima.<\/p><\/div><\/div><\/div><div class=\"history\"><div class=\"date\">Svibanj 2023<\/div><div class=\"history-content\"><h3 class=\"title\">Prva Zastupni\u0161tva<\/h3><div class=\"history-desc\"><p>U svibnju 2023. godine, Aktiv Medical uspostavlja svoja prva zastupni\u0161tva za medicinske proizvode za podru\u010dje Hrvatske, pro\u0161iruju\u0107i svoj asortiman i dostupnost svojih proizvoda na lokalnom tr\u017ei\u0161tu.<\/p><\/div><\/div><\/div><\/div><div class=\"history-group\"><div class=\"history\"><div class=\"date\">Listopad 2023<\/div><div class=\"history-content\"><h3 class=\"title\">Ekskluzivna Zastupni\u0161tva<\/h3><div class=\"history-desc\"><p>U listopadu 2023. godine, Aktiv Medical posti\u017ee va\u017ean korak u svom razvoju osiguravaju\u0107i ekskluzivna zastupni\u0161tva za renomirane tvrtke poput Allgaier Instrumente GmbH, EMOS Technology GmbH, Dimeda Instrumente GmbH i druge, pro\u0161iruju\u0107i svoj portfelj visokokvalitetnih medicinskih proizvoda.<\/p><\/div><\/div><\/div><div class=\"history\"><div class=\"date\">Velja\u010da 2024<\/div><div class=\"history-content\"><h3 class=\"title\">Tr\u017ei\u0161ta Jugoisto\u010dne Europe<\/h3><div class=\"history-desc\"><p>U velja\u010di 2024. godine, Aktiv Medical ostvaruje zna\u010dajni korak prema regionalnom \u0161irenju osiguravaju\u0107i ekskluzivna zastupni\u0161tva za tr\u017ei\u0161ta jugoisto\u010dne Europe. <\/p><\/div><\/div><\/div><\/div><\/div>\n        <\/div><div class=\"mf-empty-space \" style=\"\"><div class=\"mf_empty_space_lg\"  style=\"height: 80px\"><\/div><div class=\"mf_empty_space_md\"  style=\"height: 50px\"><\/div><div class=\"mf_empty_space_xs\"  style=\"height: 50px\"><\/div><\/div>[\/vc_column][\/vc_row][vc_row][vc_column]<div class=\"mf-empty-space \" style=\"\"><div class=\"mf_empty_space_lg\"  style=\"height: 80px\"><\/div><div class=\"mf_empty_space_md\"  style=\"height: 50px\"><\/div><div class=\"mf_empty_space_xs\"  style=\"height: 50px\"><\/div><\/div><div class=\"mf-section-title text-center dark large-size \"><h2 >Za\u0161to poslovati s nama?<\/h2><\/div><div class=\"mf-empty-space \" style=\"\"><div class=\"mf_empty_space_lg\"  style=\"height: 55px\"><\/div><div class=\"mf_empty_space_md\"  style=\"height: 30px\"><\/div><div class=\"mf_empty_space_xs\"  style=\"height: 30px\"><\/div><\/div>[vc_row_inner][vc_column_inner offset=\u201dvc_col-lg-6 vc_col-md-6\u2033]<div class=\"mf-icon-box icon_type-flaticon icon_style-has-background-color icon_position-left icon_size-large box-dark \"><span class=\"mf-icon\"><i class=\"flaticon-pinwheel\"><\/i><\/span><div class=\"box-wrapper\"><h2 class=\"box-title\"><a href=\"#\" title=\"Clean Unpolluted\" target=\"_blank\">Kvaliteta proizvoda<\/a><\/h2><div class=\"desc\">Na\u0161a predanost vrhunskoj kvaliteti le\u017ei u pa\u017eljivom odabiru renomiranih proizvo\u0111a\u010da i stru\u010dnoj procjeni njihovih proizvoda kako bismo osigurali da na\u0161im kupcima pru\u017eimo samo najbolje proizvode dostupne na tr\u017ei\u0161tu.<\/div><\/div><\/div><div class=\"mf-empty-space \" style=\"\"><div class=\"mf_empty_space_lg\"  style=\"height: 38px\"><\/div><div class=\"mf_empty_space_md\"  style=\"height: 30px\"><\/div><div class=\"mf_empty_space_xs\"  style=\"height: 30px\"><\/div><\/div><div class=\"mf-icon-box icon_type-flaticon icon_style-has-background-color icon_position-left icon_size-large box-dark \"><span class=\"mf-icon\"><i class=\"flaticon-music\"><\/i><\/span><div class=\"box-wrapper\"><h2 class=\"box-title\"><a href=\"#\" title=\"Lasting & Long Term\" target=\"_blank\">Zadovoljstvo klijenata<\/a><\/h2><div class=\"desc\">Zadovoljstvo na\u0161ih klijenata je na\u0161 najvi\u0161i prioritet, te se kontinuirano trudimo pru\u017eiti izuzetnu uslugu i proizvode koji nadma\u0161uju njihova o\u010dekivanja.<\/div><\/div><\/div><div class=\"mf-empty-space \" style=\"\"><div class=\"mf_empty_space_lg\"  style=\"height: 38px\"><\/div><div class=\"mf_empty_space_md\"  style=\"height: 30px\"><\/div><div class=\"mf_empty_space_xs\"  style=\"height: 30px\"><\/div><\/div><div class=\"mf-icon-box icon_type-flaticon icon_style-has-background-color icon_position-left icon_size-large box-dark \"><span class=\"mf-icon\"><i class=\"flaticon-road\"><\/i><\/span><div class=\"box-wrapper\"><h2 class=\"box-title\"><a href=\"#\" title=\"Easy and Affortable\" target=\"_blank\">Usluga<\/a><\/h2><div class=\"desc\">Na\u0161a pristupa\u010dna usluga omogu\u0107ava svim klijentima jednostavan pristup vrhunskim proizvodima i stru\u010dnoj podr\u0161ci bez kompromisa o kvaliteti.<\/div><\/div><\/div><div class=\"mf-empty-space \" style=\"\"><div class=\"mf_empty_space_lg\"  style=\"height: 80px\"><\/div><div class=\"mf_empty_space_md\"  style=\"height: 50px\"><\/div><div class=\"mf_empty_space_xs\"  style=\"height: 50px\"><\/div><\/div>[\/vc_column_inner][vc_column_inner offset=\u201dvc_col-lg-6 vc_col-md-6\u2033][vc_progress_bar values=\u201d%5B%7B%22label%22%3A%22Kvaliteta%20proizvoda%22%2C%22value%22%3A%22100%22%7D%2C%7B%22label%22%3A%22Zadovoljstvo%20korisnika%22%2C%22value%22%3A%22100%22%7D%2C%7B%22label%22%3A%22Usluga%22%2C%22value%22%3A%22100%22%7D%5D\u201d bgcolor=\u201dcustom\u201d units=\u201d%\u201d css=\u201d.vc_custom_1711538050474{background-color: #f2f2f2 !important;}\u201d]<div class=\"mf-empty-space \" style=\"\"><div class=\"mf_empty_space_lg\"  style=\"height: 80px\"><\/div><div class=\"mf_empty_space_md\"  style=\"height: 50px\"><\/div><div class=\"mf_empty_space_xs\"  style=\"height: 50px\"><\/div><\/div>[\/vc_column_inner][\/vc_row_inner][\/vc_column][\/vc_row][vc_row equal_height=\u201dyes\u201d content_placement=\u201dmiddle\u201d enable_parallax=\u201dyes\u201d css=\u201d.vc_custom_1580721032455{padding-top: 50px !important;padding-bottom: 50px !important;background-image: url(http:\/\/demo2.steelthemes.com\/induscity\/wp-content\/uploads\/sites\/9\/2020\/02\/action-bg-1.jpg?id=3888) !important;}\u201d][vc_column offset=\u201dvc_col-lg-9 vc_col-md-8\u2033][vc_custom_heading text=\u201dPRIJAVITE SE NA AKTIVMEDICAL I SAZNAJTE PRVI SVE NOVOSTI, OBAVIJESTI O AKCIJAMA I POPUSTIMA\u201d font_container=\u201dtag:h2|font_size:20|text_align:left\u201d use_theme_fonts=\u201dyes\u201d el_class=\u201dfw-medium main-color\u201d css=\u201d.vc_custom_1711538121937{margin-top: 0px !important;margin-bottom: 0px !important;}\u201d]<div class=\"mf-empty-space \" style=\"\"><div class=\"mf_empty_space_lg\" ><\/div><div class=\"mf_empty_space_md\" ><\/div><div class=\"mf_empty_space_xs\"  style=\"height: 30px\"><\/div><\/div>[\/vc_column][vc_column offset=\u201dvc_col-lg-3 vc_col-md-4\u2033]<div class=\"mf-button align-right style-1 \"><a class=\"button mf-btn\" href=\"https:\/\/aktivmedical.hr\">Vi\u0161e informacija<\/a><\/div>[\/vc_column][\/vc_row]<\/p>\n<\/div>","protected":false},"excerpt":{"rendered":"<p>[vc_row][vc_column][\/vc_column][\/vc_row][vc_row][vc_column offset=\u201dvc_col-lg-4 vc_col-md-12\u2033][vc_single_image image=\u201d3973\u2033 img_size=\u201d370\u00d7360\u2033][\/vc_column][vc_column offset=\u201dvc_col-lg-4 vc_col-md-12\u2033][vc_custom_heading text=\u201dNa\u0161a misija je osigurati najvi\u0161u razinu skrbi i podr\u0161ke na\u0161im klijentima kako bi ostvarili svoje zdravstvene ciljeve.\u201d font_container=\u201dtag:h2|font_size:20|text_align:left\u201d use_theme_fonts=\u201dyes\u201d el_class=\u201dfw-medium\u201d css=\u201d.vc_custom_1711537019207{margin-top: 0px !important;margin-bottom: 0px !important;}\u201d][vc_column_text]Na\u0161 tim je va\u0161 partner u ostvarivanju zdravstvenih ciljeva, pru\u017eaju\u0107i vam podr\u0161ku i razumijevanje koje zaslu\u017eujete. Bez obzira na va\u0161e potrebe, mo\u017eete ra\u010dunati na [&hellip;]<\/p>\n","protected":false},"author":1,"featured_media":0,"parent":0,"menu_order":0,"comment_status":"closed","ping_status":"closed","template":"template-fullwidth.php","meta":{"footnotes":""},"class_list":["post-32","page","type-page","status-publish","hentry","no-thumb"],"_links":{"self":[{"href":"https:\/\/aktivmedical.hr\/index.php\/wp-json\/wp\/v2\/pages\/32","targetHints":{"allow":["GET"]}}],"collection":[{"href":"https:\/\/aktivmedical.hr\/index.php\/wp-json\/wp\/v2\/pages"}],"about":[{"href":"https:\/\/aktivmedical.hr\/index.php\/wp-json\/wp\/v2\/types\/page"}],"author":[{"embeddable":true,"href":"https:\/\/aktivmedical.hr\/index.php\/wp-json\/wp\/v2\/users\/1"}],"replies":[{"embeddable":true,"href":"https:\/\/aktivmedical.hr\/index.php\/wp-json\/wp\/v2\/comments?post=32"}],"version-history":[{"count":4,"href":"https:\/\/aktivmedical.hr\/index.php\/wp-json\/wp\/v2\/pages\/32\/revisions"}],"predecessor-version":[{"id":4003,"href":"https:\/\/aktivmedical.hr\/index.php\/wp-json\/wp\/v2\/pages\/32\/revisions\/4003"}],"wp:attachment":[{"href":"https:\/\/aktivmedical.hr\/index.php\/wp-json\/wp\/v2\/media?parent=32"}],"curies":[{"name":"wp","href":"https:\/\/api.w.org\/{rel}","templated":true}]}}